{"id":2,"date":"2022-04-27T09:57:38","date_gmt":"2022-04-27T07:57:38","guid":{"rendered":"http:\/\/pro-tech-system.com\/?page_id=2"},"modified":"2022-05-13T09:37:47","modified_gmt":"2022-05-13T07:37:47","slug":"page-d-exemple","status":"publish","type":"page","link":"http:\/\/pro-tech-system.com\/","title":{"rendered":"Accueil"},"content":{"rendered":"\n<p class=\"has-text-align-center has-large-font-size\"><strong>19 ans d&#8217;exp\u00e9rience<\/strong><\/p>\n\n\n\n<p class=\"has-text-align-center has-medium-font-size\"><strong>Confiez-nous votre s\u00e9curit\u00e9 en toute confiance<\/strong><\/p>\n\n\n\n<p class=\"has-text-align-center\"><strong>Pro-Tech-System<\/strong>, soci\u00e9t\u00e9 \u00e0 vocation r\u00e9gionale bas\u00e9e \u00e0 Antibes, est sp\u00e9cialis\u00e9e dans la conception, l\u2019installation et la maintenance des syst\u00e8mes de s\u00e9curit\u00e9 des biens et des personnes.\u00a0<\/p>\n\n\n\n<p class=\"has-text-align-center\">Depuis la cr\u00e9ation de la soci\u00e9t\u00e9 en 2003, nous nous sommes d\u00e9velopp\u00e9s pour r\u00e9pondre aux attentes de nos clients particuliers, professionnels et collectivit\u00e9s publiques, tout en prenant en consid\u00e9ration le march\u00e9 potentiel environnant. Nous saurons ainsi allier rigueur dans notre savoir-faire et souplesse d\u2019adaptation pour vous satisfaire.<\/p>\n\n\n\n<p class=\"has-text-align-center\">Nous avons fait le choix strat\u00e9gique d\u2019accorder une place sp\u00e9cifique \u00e0 la maintenance pour garantir que les exigences \u00e9lev\u00e9es en mati\u00e8re de qualit\u00e9 soient atteintes.<\/p>\n\n\n\n<p class=\"has-text-align-center\">Aussi, la grande exp\u00e9rience de terrain conf\u00e8re \u00e0 chacun de nos collaborateurs une polyvalence les rendant parfaitement autonomes et particuli\u00e8rement efficaces dans le cadre des entretiens multi marques.<\/p>\n\n\n\n<p class=\"has-text-align-center\"><em><strong>Nous restons \u00e0 votre service 24h\/24 et 7j\/7<\/strong><\/em><\/p>\n\n\n\n<div class=\"wp-block-columns is-layout-flex wp-container-core-columns-is-layout-28f84493 wp-block-columns-is-layout-flex\">\n<div class=\"wp-block-column is-layout-flow wp-block-column-is-layout-flow\">\n<div class=\"wp-block-cover is-light\" style=\"min-height:238px;aspect-ratio:unset;\"><span aria-hidden=\"true\" class=\"wp-block-cover__gradient-background has-background-dim\"><\/span><img fetchpriority=\"high\" decoding=\"async\" width=\"400\" height=\"267\" class=\"wp-block-cover__image-background wp-image-166\" alt=\"\" src=\"http:\/\/pro-tech-system.com\/wp-content\/uploads\/2022\/04\/detecteurs-incendie-big.jpg\" data-object-fit=\"cover\"\/><div class=\"wp-block-cover__inner-container is-layout-flow wp-block-cover-is-layout-flow\">\n<p class=\"has-text-align-center has-text-color has-large-font-size\" style=\"color:#001f72\"><a href=\"http:\/\/pro-tech-system.com\/index.php\/securite-incendie\/\" data-type=\"URL\" data-id=\"http:\/\/pro-tech-system.com\/index.php\/securite-incendie\/\"><mark style=\"background-color:rgba(0, 0, 0, 0)\" class=\"has-inline-color has-white-color\">S\u00e9curit\u00e9 Incendie<\/mark><\/a><\/p>\n<\/div><\/div>\n\n\n\n<div style=\"height:100px\" aria-hidden=\"true\" class=\"wp-block-spacer\"><\/div>\n<\/div>\n\n\n\n<div class=\"wp-block-column is-layout-flow wp-block-column-is-layout-flow\">\n<div class=\"wp-block-cover is-light\" style=\"min-height:237px;aspect-ratio:unset;\"><span aria-hidden=\"true\" class=\"wp-block-cover__gradient-background has-background-dim\"><\/span><img decoding=\"async\" width=\"250\" height=\"164\" class=\"wp-block-cover__image-background wp-image-165\" alt=\"\" src=\"http:\/\/pro-tech-system.com\/wp-content\/uploads\/2022\/04\/unnamed.png\" data-object-fit=\"cover\"\/><div class=\"wp-block-cover__inner-container is-layout-flow wp-block-cover-is-layout-flow\">\n<p class=\"has-text-align-center has-text-color has-large-font-size\" style=\"color:#001f72\"><a href=\"http:\/\/pro-tech-system.com\/index.php\/securite-hospitaliere\/\" data-type=\"URL\" data-id=\"http:\/\/pro-tech-system.com\/index.php\/securite-hospitaliere\/\"><mark style=\"background-color:rgba(0, 0, 0, 0)\" class=\"has-inline-color has-white-color\">S\u00e9curit\u00e9 Hospitali\u00e8re<\/mark><\/a><\/p>\n<\/div><\/div>\n\n\n\n<div style=\"height:100px\" aria-hidden=\"true\" class=\"wp-block-spacer\"><\/div>\n<\/div>\n\n\n\n<div class=\"wp-block-column is-layout-flow wp-block-column-is-layout-flow\">\n<div class=\"wp-block-cover\" style=\"min-height:236px;aspect-ratio:unset;\"><span aria-hidden=\"true\" class=\"wp-block-cover__gradient-background has-background-dim\"><\/span><img decoding=\"async\" width=\"1024\" height=\"1024\" class=\"wp-block-cover__image-background wp-image-164\" alt=\"\" src=\"http:\/\/pro-tech-system.com\/wp-content\/uploads\/2022\/04\/security-gf4536de1f_1920-1024x1024.jpg\" data-object-fit=\"cover\" srcset=\"http:\/\/pro-tech-system.com\/wp-content\/uploads\/2022\/04\/security-gf4536de1f_1920-1024x1024.jpg 1024w, http:\/\/pro-tech-system.com\/wp-content\/uploads\/2022\/04\/security-gf4536de1f_1920-300x300.jpg 300w, http:\/\/pro-tech-system.com\/wp-content\/uploads\/2022\/04\/security-gf4536de1f_1920-150x150.jpg 150w, http:\/\/pro-tech-system.com\/wp-content\/uploads\/2022\/04\/security-gf4536de1f_1920-768x768.jpg 768w, http:\/\/pro-tech-system.com\/wp-content\/uploads\/2022\/04\/security-gf4536de1f_1920-75x75.jpg 75w\" sizes=\"(max-width: 1024px) 100vw, 1024px\" \/><div class=\"wp-block-cover__inner-container is-layout-flow wp-block-cover-is-layout-flow\">\n<p class=\"has-text-align-center has-text-color has-large-font-size\" style=\"color:#001f72\"><a href=\"http:\/\/pro-tech-system.com\/index.php\/malveillance\/\" data-type=\"URL\" data-id=\"http:\/\/pro-tech-system.com\/index.php\/malveillance\/\"><mark style=\"background-color:rgba(0, 0, 0, 0)\" class=\"has-inline-color has-white-color\">S\u00e9curit\u00e9 Intrusion<\/mark><\/a><\/p>\n<\/div><\/div>\n\n\n\n<div style=\"height:100px\" aria-hidden=\"true\" class=\"wp-block-spacer\"><\/div>\n<\/div>\n<\/div>\n\n\n\n<p><\/p>\n","protected":false},"excerpt":{"rendered":"<p>19 ans d&#8217;exp\u00e9rience Confiez-nous votre s\u00e9curit\u00e9 en toute confiance Pro-Tech-System, soci\u00e9t\u00e9 \u00e0 vocation r\u00e9gionale bas\u00e9e \u00e0 Antibes, est sp\u00e9cialis\u00e9e dans la conception, l\u2019installation et la maintenance des syst\u00e8mes de s\u00e9curit\u00e9 des biens et des personnes.\u00a0 Depuis la cr\u00e9ation de la soci\u00e9t\u00e9 en 2003, nous nous sommes d\u00e9velopp\u00e9s pour r\u00e9pondre aux attentes de nos clients particuliers, &hellip; <\/p>\n<p class=\"link-more\"><a href=\"http:\/\/pro-tech-system.com\/\" class=\"more-link\">Read more<span class=\"screen-reader-text\"> &#8220;Accueil&#8221;<\/span><\/a><\/p>\n","protected":false},"author":1,"featured_media":0,"parent":0,"menu_order":0,"comment_status":"closed","ping_status":"open","template":"","meta":{"footnotes":""},"class_list":["post-2","page","type-page","status-publish","hentry"],"jetpack_sharing_enabled":true,"_links":{"self":[{"href":"http:\/\/pro-tech-system.com\/index.php\/wp-json\/wp\/v2\/pages\/2","targetHints":{"allow":["GET"]}}],"collection":[{"href":"http:\/\/pro-tech-system.com\/index.php\/wp-json\/wp\/v2\/pages"}],"about":[{"href":"http:\/\/pro-tech-system.com\/index.php\/wp-json\/wp\/v2\/types\/page"}],"author":[{"embeddable":true,"href":"http:\/\/pro-tech-system.com\/index.php\/wp-json\/wp\/v2\/users\/1"}],"replies":[{"embeddable":true,"href":"http:\/\/pro-tech-system.com\/index.php\/wp-json\/wp\/v2\/comments?post=2"}],"version-history":[{"count":20,"href":"http:\/\/pro-tech-system.com\/index.php\/wp-json\/wp\/v2\/pages\/2\/revisions"}],"predecessor-version":[{"id":334,"href":"http:\/\/pro-tech-system.com\/index.php\/wp-json\/wp\/v2\/pages\/2\/revisions\/334"}],"wp:attachment":[{"href":"http:\/\/pro-tech-system.com\/index.php\/wp-json\/wp\/v2\/media?parent=2"}],"curies":[{"name":"wp","href":"https:\/\/api.w.org\/{rel}","templated":true}]}}