{"id":169,"date":"2022-04-27T11:44:28","date_gmt":"2022-04-27T09:44:28","guid":{"rendered":"http:\/\/pro-tech-system.com\/?page_id=169"},"modified":"2022-05-09T12:05:25","modified_gmt":"2022-05-09T10:05:25","slug":"malveillance","status":"publish","type":"page","link":"http:\/\/pro-tech-system.com\/index.php\/malveillance\/","title":{"rendered":"S\u00e9curit\u00e9 Intrusion"},"content":{"rendered":"\n<p>Les actes de malveillance peuvent avoir de lourdes cons\u00e9quences comme des pertes \u00e9conomiques, d\u00e9gradation d&#8217;un bien, perte de donn\u00e9es ou agression de personne. C&#8217;est un enjeu de s\u00e9curit\u00e9 qu&#8217;il est n\u00e9cessaire de prendre en compte afin de mettre en place les mesures pr\u00e9ventives.<\/p>\n\n\n\n<p>Pour prot\u00e9ger vos biens et les personnes dans des locaux industriels, commerciaux ou r\u00e9sidentiels, les \u00e9quipes  de Pro-Tech-System vous accompagne, apr\u00e8s une analyse des risques, avec des solutions en mati\u00e8re d&#8217;installation de syst\u00e8mes anti-intrusion.<\/p>\n\n\n\n<p>Nos \u00e9quipes de techniciens assurent le d\u00e9ploiement et la maintenance des syst\u00e8mes de s\u00e9curisation \u00e9volu\u00e9s permettant de filtrer, dissuader, alerter et enregistrer.<\/p>\n\n\n\n<div class=\"wp-block-columns is-layout-flex wp-container-core-columns-is-layout-28f84493 wp-block-columns-is-layout-flex\">\n<div class=\"wp-block-column is-layout-flow wp-block-column-is-layout-flow\">\n<div class=\"wp-block-cover is-light\" style=\"min-height:207px;aspect-ratio:unset;\"><span aria-hidden=\"true\" class=\"wp-block-cover__gradient-background has-background-dim\"><\/span><img fetchpriority=\"high\" decoding=\"async\" width=\"1024\" height=\"1024\" class=\"wp-block-cover__image-background wp-image-240\" alt=\"\" src=\"http:\/\/pro-tech-system.com\/wp-content\/uploads\/2022\/04\/9-Controle-dacces-1024x1024.jpg\" data-object-fit=\"cover\" srcset=\"http:\/\/pro-tech-system.com\/wp-content\/uploads\/2022\/04\/9-Controle-dacces-1024x1024.jpg 1024w, http:\/\/pro-tech-system.com\/wp-content\/uploads\/2022\/04\/9-Controle-dacces-300x300.jpg 300w, http:\/\/pro-tech-system.com\/wp-content\/uploads\/2022\/04\/9-Controle-dacces-150x150.jpg 150w, http:\/\/pro-tech-system.com\/wp-content\/uploads\/2022\/04\/9-Controle-dacces-768x768.jpg 768w\" sizes=\"(max-width: 1024px) 100vw, 1024px\" \/><div class=\"wp-block-cover__inner-container is-layout-flow wp-block-cover-is-layout-flow\">\n<p class=\"has-text-align-center\" style=\"font-size:clamp(18.959px, 1.185rem + ((1vw - 3.2px) * 1.15), 30px);\"><mark style=\"background-color:rgba(0, 0, 0, 0)\" class=\"has-inline-color has-white-color\">Contr\u00f4le d&#8217;acc\u00e8s<\/mark><\/p>\n<\/div><\/div>\n<\/div>\n\n\n\n<div class=\"wp-block-column is-layout-flow wp-block-column-is-layout-flow\">\n<div class=\"wp-block-cover is-light\" style=\"min-height:209px;aspect-ratio:unset;\"><span aria-hidden=\"true\" class=\"wp-block-cover__gradient-background has-background-dim\"><\/span><img decoding=\"async\" width=\"1024\" height=\"1024\" class=\"wp-block-cover__image-background wp-image-239\" alt=\"\" src=\"http:\/\/pro-tech-system.com\/wp-content\/uploads\/2022\/04\/9-Alarme-intrusion-1024x1024.jpg\" data-object-fit=\"cover\" srcset=\"http:\/\/pro-tech-system.com\/wp-content\/uploads\/2022\/04\/9-Alarme-intrusion-1024x1024.jpg 1024w, http:\/\/pro-tech-system.com\/wp-content\/uploads\/2022\/04\/9-Alarme-intrusion-300x300.jpg 300w, http:\/\/pro-tech-system.com\/wp-content\/uploads\/2022\/04\/9-Alarme-intrusion-150x150.jpg 150w, http:\/\/pro-tech-system.com\/wp-content\/uploads\/2022\/04\/9-Alarme-intrusion-768x768.jpg 768w\" sizes=\"(max-width: 1024px) 100vw, 1024px\" \/><div class=\"wp-block-cover__inner-container is-layout-flow wp-block-cover-is-layout-flow\">\n<p class=\"has-text-align-center\" style=\"font-size:clamp(18.959px, 1.185rem + ((1vw - 3.2px) * 1.15), 30px);\"><mark style=\"background-color:rgba(0, 0, 0, 0)\" class=\"has-inline-color has-white-color\">Alarme intrusion<\/mark><\/p>\n<\/div><\/div>\n<\/div>\n\n\n\n<div class=\"wp-block-column is-layout-flow wp-block-column-is-layout-flow\">\n<div class=\"wp-block-cover is-light\" style=\"min-height:206px;aspect-ratio:unset;\"><span aria-hidden=\"true\" class=\"wp-block-cover__gradient-background has-background-dim\"><\/span><img decoding=\"async\" width=\"2119\" height=\"1415\" class=\"wp-block-cover__image-background wp-image-252\" alt=\"\" src=\"http:\/\/pro-tech-system.com\/wp-content\/uploads\/2022\/04\/iStock-1182191821.jpg\" data-object-fit=\"cover\" srcset=\"http:\/\/pro-tech-system.com\/wp-content\/uploads\/2022\/04\/iStock-1182191821.jpg 2119w, http:\/\/pro-tech-system.com\/wp-content\/uploads\/2022\/04\/iStock-1182191821-1536x1026.jpg 1536w, http:\/\/pro-tech-system.com\/wp-content\/uploads\/2022\/04\/iStock-1182191821-2048x1368.jpg 2048w, http:\/\/pro-tech-system.com\/wp-content\/uploads\/2022\/04\/iStock-1182191821-2000x1336.jpg 2000w\" sizes=\"(max-width: 2119px) 100vw, 2119px\" \/><div class=\"wp-block-cover__inner-container is-layout-flow wp-block-cover-is-layout-flow\">\n<p style=\"font-size:clamp(18.959px, 1.185rem + ((1vw - 3.2px) * 1.15), 30px);\"><mark style=\"background-color:rgba(0, 0, 0, 0)\" class=\"has-inline-color has-white-color\">Vid\u00e9oprotection<\/mark><\/p>\n<\/div><\/div>\n<\/div>\n<\/div>\n\n\n\n<p><\/p>\n","protected":false},"excerpt":{"rendered":"<p>Les actes de malveillance peuvent avoir de lourdes cons\u00e9quences comme des pertes \u00e9conomiques, d\u00e9gradation d&#8217;un bien, perte de donn\u00e9es ou agression de personne. C&#8217;est un enjeu de s\u00e9curit\u00e9 qu&#8217;il est n\u00e9cessaire de prendre en compte afin de mettre en place les mesures pr\u00e9ventives. Pour prot\u00e9ger vos biens et les personnes dans des locaux industriels, commerciaux &hellip; <\/p>\n<p class=\"link-more\"><a href=\"http:\/\/pro-tech-system.com\/index.php\/malveillance\/\" class=\"more-link\">Read more<span class=\"screen-reader-text\"> &#8220;S\u00e9curit\u00e9 Intrusion&#8221;<\/span><\/a><\/p>\n","protected":false},"author":1,"featured_media":0,"parent":0,"menu_order":0,"comment_status":"closed","ping_status":"closed","template":"","meta":{"footnotes":""},"class_list":["post-169","page","type-page","status-publish","hentry"],"jetpack_sharing_enabled":true,"_links":{"self":[{"href":"http:\/\/pro-tech-system.com\/index.php\/wp-json\/wp\/v2\/pages\/169","targetHints":{"allow":["GET"]}}],"collection":[{"href":"http:\/\/pro-tech-system.com\/index.php\/wp-json\/wp\/v2\/pages"}],"about":[{"href":"http:\/\/pro-tech-system.com\/index.php\/wp-json\/wp\/v2\/types\/page"}],"author":[{"embeddable":true,"href":"http:\/\/pro-tech-system.com\/index.php\/wp-json\/wp\/v2\/users\/1"}],"replies":[{"embeddable":true,"href":"http:\/\/pro-tech-system.com\/index.php\/wp-json\/wp\/v2\/comments?post=169"}],"version-history":[{"count":8,"href":"http:\/\/pro-tech-system.com\/index.php\/wp-json\/wp\/v2\/pages\/169\/revisions"}],"predecessor-version":[{"id":326,"href":"http:\/\/pro-tech-system.com\/index.php\/wp-json\/wp\/v2\/pages\/169\/revisions\/326"}],"wp:attachment":[{"href":"http:\/\/pro-tech-system.com\/index.php\/wp-json\/wp\/v2\/media?parent=169"}],"curies":[{"name":"wp","href":"https:\/\/api.w.org\/{rel}","templated":true}]}}